{"id":27,"date":"2019-09-09T15:52:14","date_gmt":"2019-09-09T15:52:14","guid":{"rendered":"http:\/\/jonathanlaberge.com\/stcyr\/?page_id=27"},"modified":"2026-03-25T23:36:05","modified_gmt":"2026-03-25T23:36:05","slug":"contact","status":"publish","type":"page","link":"https:\/\/stcyrroyal.com\/fr\/contact\/","title":{"rendered":"Contact"},"content":{"rendered":"<hr>\n<h1>CONTACTEZ-NOUS<\/h1>\n<div>Pr\u00eat \u00e0 planifier votre s\u00e9jour ou besoin de plus d\u2019informations? Remplissez le formulaire ci-dessous et nous vous reviendrons rapidement avec les disponibilit\u00e9s et tous les d\u00e9tails pour votre prochaine exp\u00e9rience en pleine nature.<\/div>\n<div>\n<p>    <iframe\n  id=\"JotFormIFrame-https:\/\/form.jotform.com\/260837609676269\"\n  title=\"Booking Form\"\n  allowtransparency=\"true\"\n  allow=\"geolocation; microphone; camera; fullscreen\"\n  src=\"https:\/\/form.jotform.com\/260837609676269\"\n  frameborder=\"0\"\n  style=\"width:1px; min-width:100%; height:700px; border:none;\"\n  scrolling=\"no\"><br \/>\n<\/iframe><\/p>\n<\/div>\n<p><!--more--><br \/>\n<!-- {\"type\":\"layout\",\"children\":[{\"type\":\"section\",\"props\":{\"header_transparent\":true,\"header_transparent_noplaceholder\":false,\"image\":\"wp-content\/uploads\/2026\/02\/plane2.png\",\"image_effect\":\"parallax\",\"image_position\":\"top-left\",\"image_size\":\"width-1-1\",\"media_visibility\":\"m\",\"overlap\":false,\"padding_bottom\":\"xsmall\",\"padding_remove_horizontal\":false,\"padding_top\":\"small\",\"style\":\"default\",\"title_breakpoint\":\"xl\",\"title_position\":\"top-left\",\"title_rotation\":\"left\",\"vertical_align\":\"middle\",\"width\":\"small\"},\"children\":[{\"type\":\"row\",\"children\":[{\"type\":\"column\",\"props\":{\"image_position\":\"center-center\",\"position_sticky_breakpoint\":\"m\"},\"children\":[{\"type\":\"divider\",\"props\":{\"block_align\":\"center\",\"divider_element\":\"hr\",\"divider_style\":\"icon\",\"margin_bottom\":\"xsmall\",\"margin_top\":\"xsmall\",\"maxwidth\":\"medium\"}},{\"type\":\"headline\",\"props\":{\"block_align\":\"center\",\"content\":\"CONTACTEZ-NOUS\",\"image_align\":\"left\",\"image_margin\":\"xsmall\",\"margin_bottom\":\"xsmall\",\"margin_top\":\"xsmall\",\"maxwidth\":\"large\",\"title_color\":\"primary\",\"title_element\":\"h1\",\"title_style\":\"h3\"}},{\"type\":\"text\",\"props\":{\"column_breakpoint\":\"m\",\"content\":\"Pr\u00eat \u00e0 planifier votre s\u00e9jour ou besoin de plus d\u2019informations? Remplissez le formulaire ci-dessous et nous vous reviendrons rapidement avec les disponibilit\u00e9s et tous les d\u00e9tails pour votre prochaine exp\u00e9rience en pleine nature.\",\"margin_bottom\":\"xsmall\",\"margin_top\":\"default\",\"text_align\":\"center\"}},{\"type\":\"html\",\"props\":{\"content\":\"\\n\\n    <iframe\\n  id=\\\"JotFormIFrame-https:\/\/form.jotform.com\/260837609676269\\\"\\n  title=\\\"Booking Form\\\"\\n  allowtransparency=\\\"true\\\"\\n  allow=\\\"geolocation; microphone; camera; fullscreen\\\"\\n  src=\\\"https:\/\/form.jotform.com\/260837609676269\\\"\\n  frameborder=\\\"0\\\"\\n  style=\\\"width:1px; min-width:100%; height:700px; border:none;\\\"\\n  scrolling=\\\"no\\\">\\n<\/iframe>\\n\\n\\n\"}}]}]}]},{\"name\":\"Hero\",\"type\":\"section\",\"props\":{\"header_transparent\":true,\"header_transparent_noplaceholder\":true,\"header_transparent_text_color\":\"light\",\"height\":\"viewport\",\"height_viewport\":80,\"height_viewport_offset\":true,\"image\":\"wp-content\/uploads\/yootheme\/demo\/cabins-hero.jpg\",\"image_position\":\"center-center\",\"image_size\":\"cover\",\"overlap\":true,\"status\":\"disabled\",\"style\":\"secondary\",\"title_breakpoint\":\"xl\",\"title_position\":\"top-left\",\"title_rotation\":\"left\",\"vertical_align\":\"middle\",\"width\":\"large\"},\"children\":[{\"type\":\"row\",\"children\":[{\"type\":\"column\",\"props\":{\"image_position\":\"center-center\",\"position_sticky_breakpoint\":\"m\",\"width_medium\":\"1-1\"},\"children\":[{\"type\":\"headline\",\"props\":{\"animation\":\"parallax\",\"content\":\"Find Calm in the Wild\",\"image_align\":\"left\",\"image_margin\":\"xsmall\",\"margin_bottom\":\"remove\",\"parallax_breakpoint\":\"m\",\"parallax_easing\":\"0.8\",\"parallax_end\":\"5vh + 5%\",\"parallax_opacity\":\"1,0\",\"parallax_y\":\"0,60\",\"text_align\":\"center\",\"title_element\":\"div\",\"title_style\":\"h3\"}},{\"type\":\"headline\",\"props\":{\"animation\":\"parallax\",\"content\":\"Cabins\",\"image_align\":\"left\",\"image_margin\":\"xsmall\",\"margin_top\":\"remove\",\"parallax_breakpoint\":\"m\",\"parallax_easing\":\"0.8\",\"parallax_end\":\"5vh + 5%\",\"parallax_opacity\":\"1,0\",\"parallax_y\":\"0,60\",\"text_align\":\"center\",\"title_element\":\"h1\",\"title_style\":\"heading-xlarge\"}}]}]}]},{\"name\":\"Image\",\"type\":\"section\",\"props\":{\"header_transparent\":false,\"image\":\"wp-content\/uploads\/2026\/02\/view.jpg\",\"image_effect\":\"parallax\",\"image_parallax_bgy\":\"50,-50\",\"image_parallax_easing\":\"1\",\"image_position\":\"center-center\",\"image_size\":\"cover\",\"image_width\":\"2560\",\"overlap\":true,\"padding_bottom\":\"large\",\"padding_remove_horizontal\":false,\"padding_top\":\"large\",\"status\":\"disabled\",\"style\":\"default\",\"title_breakpoint\":\"xl\",\"title_position\":\"top-left\",\"title_rotation\":\"left\",\"vertical_align\":\"\",\"width\":\"default\"},\"children\":[{\"type\":\"row\",\"children\":[{\"type\":\"column\",\"props\":{\"image_position\":\"center-center\",\"position_sticky_breakpoint\":\"m\",\"width_medium\":\"1-1\"}}]}]},{\"name\":\"Cabins Interior\",\"type\":\"section\",\"props\":{\"animation\":\"fade\",\"image_position\":\"center-center\",\"padding_bottom\":\"none\",\"padding_top\":\"large\",\"status\":\"disabled\",\"style\":\"default\",\"title_breakpoint\":\"xl\",\"title_position\":\"top-left\",\"title_rotation\":\"left\",\"vertical_align\":\"\",\"width\":\"small\"},\"children\":[{\"type\":\"row\",\"props\":{\"layout\":\"1-3,2-3\",\"margin_bottom\":\"large\",\"margin_top\":\"large\"},\"children\":[{\"type\":\"column\",\"props\":{\"image_position\":\"center-center\",\"position_sticky_breakpoint\":\"m\",\"width_medium\":\"1-3\"},\"children\":[{\"type\":\"headline\",\"props\":{\"content\":\"Beautiful Interior\",\"image_align\":\"left\",\"image_margin\":\"xsmall\",\"title_element\":\"h4\",\"title_style\":\"h3\"}}]},{\"type\":\"column\",\"props\":{\"image_position\":\"center-center\",\"position_sticky_breakpoint\":\"m\",\"width_medium\":\"2-3\"},\"children\":[{\"type\":\"text\",\"props\":{\"column_breakpoint\":\"m\",\"content\":\"Lorem ipsum dolor. Sit amet sed etiam tincidunt erat bibendum wisi lorem at dapibus diam magna id magna curabitur sollicitudin proin quos ligula libero. Mauris rhoncus nec. Dictum nulla duis. Consequat eget ligula sunt nibh luctus fringilla pellentesque dolor.\",\"margin_bottom\":\"default\",\"margin_top\":\"default\"}}]}]},{\"type\":\"row\",\"props\":{\"layout\":\"1-2,1-2\"},\"children\":[{\"type\":\"column\",\"props\":{\"image_position\":\"center-center\",\"position_sticky_breakpoint\":\"m\",\"width_medium\":\"1-2\"},\"children\":[{\"type\":\"gallery\",\"props\":{\"filter_align\":\"left\",\"filter_all\":true,\"filter_grid_breakpoint\":\"m\",\"filter_grid_width\":\"auto\",\"filter_position\":\"top\",\"filter_style\":\"tab\",\"grid_default\":\"1\",\"grid_medium\":\"\",\"image_width\":\"630\",\"item_animation\":true,\"lightbox\":false,\"lightbox_bg_close\":true,\"link_style\":\"default\",\"link_text\":\"\",\"margin_bottom\":\"default\",\"margin_top\":\"default\",\"meta_align\":\"below-title\",\"meta_element\":\"div\",\"meta_style\":\"text-meta\",\"overlay_hover\":true,\"overlay_link\":false,\"overlay_mode\":\"cover\",\"overlay_position\":\"center\",\"overlay_style\":\"\",\"overlay_transition\":\"fade\",\"parallax_easing\":\"1\",\"show_content\":true,\"show_hover_image\":true,\"show_hover_video\":true,\"show_link\":true,\"show_meta\":true,\"show_title\":true,\"text_align\":\"center\",\"text_color\":\"light\",\"title_element\":\"h3\",\"title_hover_style\":\"reset\"},\"children\":[{\"type\":\"gallery_item\",\"props\":{\"image\":\"wp-content\/uploads\/yootheme\/demo\/cabins-interior-02.jpg\",\"title\":\"\"}},{\"type\":\"gallery_item\",\"props\":{\"image\":\"wp-content\/uploads\/yootheme\/demo\/cabins-interior-04.jpg\"}},{\"type\":\"gallery_item\",\"props\":{\"image\":\"wp-content\/uploads\/yootheme\/demo\/cabins-interior-05.jpg\"}}]}]},{\"type\":\"column\",\"props\":{\"image_position\":\"center-center\",\"position_sticky_breakpoint\":\"m\",\"width_medium\":\"1-2\"},\"children\":[{\"type\":\"gallery\",\"props\":{\"animation\":\"parallax\",\"filter_align\":\"left\",\"filter_all\":true,\"filter_grid_breakpoint\":\"m\",\"filter_grid_width\":\"auto\",\"filter_position\":\"top\",\"filter_style\":\"tab\",\"grid_default\":\"1\",\"grid_medium\":\"\",\"image_width\":\"630\",\"item_animation\":true,\"lightbox\":false,\"lightbox_bg_close\":true,\"link_style\":\"default\",\"link_text\":\"\",\"margin_bottom\":\"default\",\"margin_top\":\"default\",\"meta_align\":\"below-title\",\"meta_element\":\"div\",\"meta_style\":\"text-meta\",\"overlay_hover\":true,\"overlay_link\":false,\"overlay_mode\":\"cover\",\"overlay_position\":\"center\",\"overlay_style\":\"\",\"overlay_transition\":\"fade\",\"parallax_breakpoint\":\"s\",\"parallax_easing\":\"1\",\"parallax_y\":\"50,-50\",\"show_content\":true,\"show_hover_image\":true,\"show_hover_video\":true,\"show_link\":true,\"show_meta\":true,\"show_title\":true,\"text_align\":\"center\",\"text_color\":\"light\",\"title_element\":\"h3\",\"title_hover_style\":\"reset\"},\"children\":[{\"type\":\"gallery_item\",\"props\":{\"image\":\"wp-content\/uploads\/yootheme\/demo\/cabins-interior-03.jpg\"}},{\"type\":\"gallery_item\",\"props\":{\"image\":\"wp-content\/uploads\/yootheme\/demo\/cabins-interior-06.jpg\"}}]}]}]}]},{\"name\":\"Pricing\",\"type\":\"section\",\"props\":{\"animation\":\"fade\",\"image\":\"wp-content\/uploads\/yootheme\/demo\/pinetrees.svg\",\"image_position\":\"top-right\",\"media_visibility\":\"m\",\"overlap\":false,\"padding_bottom\":\"large\",\"padding_top\":\"large\",\"status\":\"disabled\",\"style\":\"default\",\"title_breakpoint\":\"xl\",\"title_position\":\"top-left\",\"title_rotation\":\"left\",\"vertical_align\":\"\",\"width\":\"small\"},\"children\":[{\"type\":\"row\",\"children\":[{\"type\":\"column\",\"props\":{\"image_position\":\"center-center\",\"position_sticky_breakpoint\":\"m\",\"width_medium\":\"1-1\"},\"children\":[{\"type\":\"headline\",\"props\":{\"content\":\"Cabin Rates\",\"image_align\":\"left\",\"image_margin\":\"xsmall\",\"text_align\":\"center\",\"text_align_breakpoint\":\"m\",\"title_element\":\"h2\",\"title_style\":\"heading-medium\"}},{\"type\":\"headline\",\"props\":{\"content\":\"Find the Right Cabin for You\",\"image_align\":\"left\",\"image_margin\":\"xsmall\",\"margin_top\":\"remove\",\"text_align\":\"center\",\"text_align_breakpoint\":\"m\",\"title_color\":\"primary\",\"title_element\":\"div\",\"title_style\":\"h3\"}}]}]},{\"type\":\"row\",\"props\":{\"column_gap\":\"large\",\"layout\":\"1-2,1-2\",\"row_gap\":\"large\"},\"children\":[{\"type\":\"column\",\"props\":{\"image_position\":\"center-center\",\"position_sticky_breakpoint\":\"m\",\"width_small\":\"1-2\"},\"children\":[{\"type\":\"panel\",\"props\":{\"content\":\"Lorem ipsum dolor. Sit amet sed etiam tincidunt erat bibendum wisi lorem at.\",\"content_column_breakpoint\":\"m\",\"image_align\":\"top\",\"image_grid_breakpoint\":\"m\",\"image_grid_width\":\"1-2\",\"image_svg_color\":\"emphasis\",\"link_style\":\"default\",\"link_text\":\"Read more\",\"margin_bottom\":\"medium\",\"margin_top\":\"medium\",\"meta_align\":\"below-title\",\"meta_element\":\"div\",\"meta_style\":\"text-meta\",\"title\":\"Studio Cabins\",\"title_align\":\"top\",\"title_element\":\"h3\",\"title_grid_breakpoint\":\"m\",\"title_grid_width\":\"1-2\",\"title_hover_style\":\"reset\"}},{\"type\":\"grid\",\"props\":{\"content_column_breakpoint\":\"m\",\"filter_align\":\"left\",\"filter_all\":true,\"filter_grid_breakpoint\":\"m\",\"filter_grid_width\":\"auto\",\"filter_position\":\"top\",\"filter_style\":\"tab\",\"grid_default\":\"1\",\"grid_medium\":\"2\",\"image_align\":\"top\",\"image_grid_breakpoint\":\"m\",\"image_grid_width\":\"1-2\",\"image_svg_color\":\"emphasis\",\"item_animation\":true,\"lightbox_bg_close\":true,\"link_style\":\"default\",\"link_text\":\"Read more\",\"margin_bottom\":\"default\",\"margin_top\":\"default\",\"meta_align\":\"below-title\",\"meta_element\":\"div\",\"meta_style\":\"text-meta\",\"parallax_easing\":\"1\",\"show_content\":true,\"show_hover_image\":true,\"show_hover_video\":true,\"show_image\":true,\"show_link\":true,\"show_meta\":true,\"show_title\":true,\"show_video\":true,\"title_align\":\"top\",\"title_color\":\"muted\",\"title_element\":\"h4\",\"title_grid_breakpoint\":\"m\",\"title_grid_width\":\"1-2\",\"title_hover_style\":\"reset\",\"title_style\":\"h6\"},\"children\":[{\"type\":\"grid_item\",\"props\":{\"content\":\"Size: 55 - 70 m\u00b2<br \/>\\nBathrooms: 1<br \/>\\nBed Rooms: 1 - 2\",\"meta\":\"\",\"title\":\"Information\"}},{\"type\":\"grid_item\",\"props\":{\"content\":\"From 180 \u20ac per night<br \/>\\nfrom 980 \u20ac per week\",\"meta\":\"\",\"title\":\"Rates\"}}]},{\"type\":\"button\",\"props\":{\"grid_column_gap\":\"small\",\"grid_row_gap\":\"small\",\"margin_bottom\":\"default\",\"margin_top\":\"default\"},\"children\":[{\"type\":\"button_item\",\"props\":{\"button_style\":\"\",\"content\":\"Book a Cabin\",\"dialog_layout\":\"modal\",\"dialog_offcanvas_flip\":true,\"icon_align\":\"left\",\"link\":\"?page_id=26\"}}]}]},{\"type\":\"column\",\"props\":{\"image_position\":\"center-right\",\"position_sticky_breakpoint\":\"m\",\"width_small\":\"1-2\"},\"children\":[{\"type\":\"panel\",\"props\":{\"content\":\"Lorem ipsum dolor. Sit amet sed etiam tincidunt erat bibendum wisi lorem at.\",\"content_column_breakpoint\":\"m\",\"image_align\":\"top\",\"image_grid_breakpoint\":\"m\",\"image_grid_width\":\"1-2\",\"image_svg_color\":\"emphasis\",\"link_style\":\"default\",\"link_text\":\"Read more\",\"margin_bottom\":\"medium\",\"margin_top\":\"medium\",\"meta_align\":\"below-title\",\"meta_element\":\"div\",\"meta_style\":\"text-meta\",\"title\":\"Family Cabins\",\"title_align\":\"top\",\"title_element\":\"h3\",\"title_grid_breakpoint\":\"m\",\"title_grid_width\":\"1-2\",\"title_hover_style\":\"reset\"}},{\"type\":\"grid\",\"props\":{\"content_column_breakpoint\":\"m\",\"filter_align\":\"left\",\"filter_all\":true,\"filter_grid_breakpoint\":\"m\",\"filter_grid_width\":\"auto\",\"filter_position\":\"top\",\"filter_style\":\"tab\",\"grid_default\":\"1\",\"grid_medium\":\"2\",\"image_align\":\"top\",\"image_grid_breakpoint\":\"m\",\"image_grid_width\":\"1-2\",\"image_svg_color\":\"emphasis\",\"item_animation\":true,\"lightbox_bg_close\":true,\"link_style\":\"default\",\"link_text\":\"Read more\",\"margin_bottom\":\"default\",\"margin_top\":\"default\",\"meta_align\":\"below-title\",\"meta_element\":\"div\",\"meta_style\":\"text-meta\",\"parallax_easing\":\"1\",\"show_content\":true,\"show_hover_image\":true,\"show_hover_video\":true,\"show_image\":true,\"show_link\":true,\"show_meta\":true,\"show_title\":true,\"show_video\":true,\"title_align\":\"top\",\"title_color\":\"muted\",\"title_element\":\"h4\",\"title_grid_breakpoint\":\"m\",\"title_grid_width\":\"1-2\",\"title_hover_style\":\"reset\",\"title_style\":\"h6\"},\"children\":[{\"type\":\"grid_item\",\"props\":{\"content\":\"Size: 60 - 90 m\u00b2<br \/>\\nBathrooms: 2 - 3<br \/>\\nBedrooms: 4 - 7\",\"meta\":\"\",\"title\":\"Information\"}},{\"type\":\"grid_item\",\"props\":{\"content\":\"From 240 \u20ac per night<br \/>\\nFrom 1,800 \u20ac per week \",\"meta\":\"\",\"title\":\"Rates\"}}]},{\"type\":\"button\",\"props\":{\"grid_column_gap\":\"small\",\"grid_row_gap\":\"small\",\"margin_bottom\":\"default\",\"margin_top\":\"default\"},\"children\":[{\"type\":\"button_item\",\"props\":{\"button_style\":\"\",\"content\":\"Book a Cabin\",\"dialog_layout\":\"modal\",\"dialog_offcanvas_flip\":true,\"icon_align\":\"left\",\"link\":\"?page_id=26\"}}]}]}]}]},{\"name\":\"Activities\",\"type\":\"section\",\"props\":{\"animation\":\"fade\",\"image_position\":\"center-center\",\"status\":\"disabled\",\"style\":\"default\",\"title_breakpoint\":\"xl\",\"title_position\":\"top-left\",\"title_rotation\":\"left\",\"vertical_align\":\"\",\"width\":\"\"},\"children\":[{\"type\":\"row\",\"props\":{\"margin_bottom\":\"large\",\"margin_top\":\"large\"},\"children\":[{\"type\":\"column\",\"props\":{\"image_position\":\"center-center\",\"position_sticky_breakpoint\":\"m\",\"width_medium\":\"1-1\"},\"children\":[{\"type\":\"overlay-slider\",\"props\":{\"image_height\":\"1010\",\"image_width\":\"1600\",\"link_style\":\"default\",\"link_text\":\"\",\"margin_bottom\":\"default\",\"margin_top\":\"default\",\"meta_align\":\"below-title\",\"meta_element\":\"div\",\"meta_margin\":\"small\",\"meta_style\":\"h4\",\"meta_transition\":\"slide-bottom-small\",\"nav\":\"\",\"nav_align\":\"center\",\"nav_below\":true,\"nav_breakpoint\":\"s\",\"nav_position\":\"bottom-center\",\"nav_position_margin\":\"medium\",\"overlay_display\":\"hover\",\"overlay_link\":true,\"overlay_mode\":\"cover\",\"overlay_padding\":\"large\",\"overlay_position\":\"bottom-left\",\"overlay_transition\":\"fade\",\"overlay_transition_background\":false,\"show_content\":true,\"show_hover_image\":true,\"show_hover_video\":true,\"show_link\":true,\"show_meta\":true,\"show_title\":true,\"slidenav\":\"default\",\"slidenav_breakpoint\":\"m\",\"slidenav_hover\":true,\"slidenav_large\":true,\"slidenav_margin\":\"large\",\"slidenav_outside_breakpoint\":\"xl\",\"slider_autoplay\":true,\"slider_autoplay_pause\":true,\"slider_center\":true,\"slider_gap\":\"default\",\"slider_sets\":true,\"slider_width\":\"fixed\",\"slider_width_default\":\"1-1\",\"slider_width_large\":\"3-5\",\"slider_width_medium\":\"3-5\",\"slider_width_xlarge\":\"3-5\",\"text_align\":\"left\",\"text_color\":\"light\",\"title_element\":\"h3\",\"title_hover_style\":\"reset\",\"title_style\":\"heading-medium\",\"title_transition\":\"slide-top-small\"},\"children\":[{\"type\":\"overlay-slider_item\",\"props\":{\"image\":\"wp-content\/uploads\/yootheme\/demo\/cabins-activities-slider-01.jpg\",\"media_overlay\":\"rgba(0, 0, 0, 0.1)\",\"meta\":\"Lorem Ipsum Dolor Sit Amet\",\"title\":\"Wildlife Feeding\"}},{\"type\":\"overlay-slider_item\",\"props\":{\"image\":\"wp-content\/uploads\/yootheme\/demo\/cabins-activities-slider-02.jpg\",\"media_overlay\":\"rgba(0, 0, 0, 0.05)\",\"meta\":\"Lorem Ipsum Dolor Sit Amet\",\"title\":\"Campfire Spots\"}},{\"type\":\"overlay-slider_item\",\"props\":{\"image\":\"wp-content\/uploads\/yootheme\/demo\/cabins-activities-slider-03.jpg\",\"media_overlay\":\"rgba(0, 0, 0, 0.15)\",\"meta\":\"Lorem Ipsum Dolor Sit Amet\",\"title\":\"Birds of Prey Show\"}},{\"type\":\"overlay-slider_item\",\"props\":{\"image\":\"wp-content\/uploads\/yootheme\/demo\/cabins-activities-slider-04.jpg\",\"media_overlay\":\"rgba(0, 0, 0, 0.15)\",\"meta\":\"Lorem Ipsum Dolor Sit Amet\",\"title\":\"Guided Tours\"}},{\"type\":\"overlay-slider_item\",\"props\":{\"image\":\"wp-content\/uploads\/yootheme\/demo\/cabins-activities-slider-05.jpg\",\"media_overlay\":\"rgba(0, 0, 0, 0.15)\",\"meta\":\"Lorem Ipsum Dolor Sit Amet\",\"title\":\"Barista Classes\"}},{\"type\":\"overlay-slider_item\",\"props\":{\"image\":\"wp-content\/uploads\/yootheme\/demo\/cabins-activities-slider-06.jpg\",\"media_overlay\":\"rgba(0, 0, 0, 0.1)\",\"meta\":\"Lorem Ipsum Dolor Sit Amet\",\"title\":\"Events for Kids\"}}]}]}]},{\"type\":\"row\",\"props\":{\"margin_bottom\":\"default\",\"margin_top\":\"default\",\"width\":\"small\"},\"children\":[{\"type\":\"column\",\"props\":{\"image_position\":\"center-center\",\"position_sticky_breakpoint\":\"m\",\"width_medium\":\"1-1\"},\"children\":[{\"type\":\"panel\",\"props\":{\"content\":\"\",\"content_column_breakpoint\":\"m\",\"image_align\":\"top\",\"image_grid_breakpoint\":\"m\",\"image_grid_width\":\"1-2\",\"image_svg_color\":\"emphasis\",\"link_style\":\"default\",\"link_text\":\"Read more\",\"margin_bottom\":\"default\",\"margin_top\":\"default\",\"meta\":\"Sports and Recreational Opportunities\",\"meta_align\":\"below-title\",\"meta_element\":\"div\",\"meta_style\":\"text-meta\",\"title\":\"Wildlife Adventures & Family Friendly Events\",\"title_align\":\"top\",\"title_element\":\"h2\",\"title_grid_breakpoint\":\"m\",\"title_grid_width\":\"1-2\",\"title_hover_style\":\"reset\",\"title_style\":\"h3\"}}]}]},{\"type\":\"row\",\"props\":{\"column_gap\":\"large\",\"divider\":false,\"layout\":\"1-2,1-4,1-4|1-1,1-2,1-2\",\"margin_bottom\":\"default\",\"margin_top\":\"default\",\"row_gap\":\"large\",\"width\":\"small\"},\"children\":[{\"type\":\"column\",\"props\":{\"image_position\":\"center-center\",\"position_sticky_breakpoint\":\"m\",\"width_small\":\"1-2\"},\"children\":[{\"type\":\"text\",\"props\":{\"column_breakpoint\":\"m\",\"content\":\"Duis aliquam ante ligula egestas condimentum. Molestie convallis vitae nulla nulla mauris. Arcu quam at nisl elit pellentesque. Tristique vestibulum pede.\",\"margin_bottom\":\"default\",\"margin_top\":\"default\",\"maxwidth\":\"xlarge\"}}]},{\"type\":\"column\",\"props\":{\"image_position\":\"center-center\",\"position_sticky_breakpoint\":\"m\",\"width_small\":\"1-4\"},\"children\":[{\"type\":\"list\",\"props\":{\"column_breakpoint\":\"m\",\"image_align\":\"left\",\"image_svg_color\":\"emphasis\",\"image_vertical_align\":true,\"list_element\":\"ul\",\"list_horizontal_separator\":\", \",\"list_type\":\"vertical\",\"show_image\":true,\"show_link\":true},\"children\":[{\"type\":\"list_item\",\"props\":{\"content\":\"Watersports\"}},{\"type\":\"list_item\",\"props\":{\"content\":\"Swimming\"}},{\"type\":\"list_item\",\"props\":{\"content\":\"Kayaking\"}},{\"type\":\"list_item\",\"props\":{\"content\":\"Fishing\"}}]}]},{\"type\":\"column\",\"props\":{\"image_position\":\"center-center\",\"position_sticky_breakpoint\":\"m\",\"width_small\":\"1-4\"},\"children\":[{\"type\":\"list\",\"props\":{\"column_breakpoint\":\"m\",\"image_align\":\"left\",\"image_svg_color\":\"emphasis\",\"image_vertical_align\":true,\"list_element\":\"ul\",\"list_horizontal_separator\":\", \",\"list_type\":\"vertical\",\"show_image\":true,\"show_link\":true},\"children\":[{\"type\":\"list_item\",\"props\":{\"content\":\"Hiking\"}},{\"type\":\"list_item\",\"props\":{\"content\":\"Exploring\"}},{\"type\":\"list_item\",\"props\":{\"content\":\"Climbing\"}},{\"type\":\"list_item\",\"props\":{\"content\":\"Cycling\"}}]}]}]},{\"type\":\"row\",\"props\":{\"margin_bottom\":\"large\",\"margin_top\":\"large\",\"width\":\"large\"},\"children\":[{\"type\":\"column\",\"props\":{\"image_position\":\"center-center\",\"position_sticky_breakpoint\":\"m\",\"width_medium\":\"1-1\"},\"children\":[{\"type\":\"divider\",\"props\":{\"divider_element\":\"hr\",\"divider_style\":\"icon\"}}]}]}]}],\"version\":\"5.0.13\"} --><\/p>\n","protected":false},"excerpt":{"rendered":"<p>CONTACTEZ-NOUS Pr\u00eat \u00e0 planifier votre s\u00e9jour ou besoin de plus d\u2019informations? Remplissez le formulaire ci-dessous et nous vous reviendrons rapidement avec les disponibilit\u00e9s et tous les d\u00e9tails pour votre prochaine exp\u00e9rience en pleine nature.<\/p>\n","protected":false},"author":1,"featured_media":0,"parent":0,"menu_order":1,"comment_status":"closed","ping_status":"closed","template":"","meta":{"_acf_changed":false,"footnotes":""},"class_list":["post-27","page","type-page","status-publish","hentry"],"acf":[],"_links":{"self":[{"href":"https:\/\/stcyrroyal.com\/fr\/wp-json\/wp\/v2\/pages\/27","targetHints":{"allow":["GET"]}}],"collection":[{"href":"https:\/\/stcyrroyal.com\/fr\/wp-json\/wp\/v2\/pages"}],"about":[{"href":"https:\/\/stcyrroyal.com\/fr\/wp-json\/wp\/v2\/types\/page"}],"author":[{"embeddable":true,"href":"https:\/\/stcyrroyal.com\/fr\/wp-json\/wp\/v2\/users\/1"}],"replies":[{"embeddable":true,"href":"https:\/\/stcyrroyal.com\/fr\/wp-json\/wp\/v2\/comments?post=27"}],"version-history":[{"count":34,"href":"https:\/\/stcyrroyal.com\/fr\/wp-json\/wp\/v2\/pages\/27\/revisions"}],"predecessor-version":[{"id":2616,"href":"https:\/\/stcyrroyal.com\/fr\/wp-json\/wp\/v2\/pages\/27\/revisions\/2616"}],"wp:attachment":[{"href":"https:\/\/stcyrroyal.com\/fr\/wp-json\/wp\/v2\/media?parent=27"}],"curies":[{"name":"wp","href":"https:\/\/api.w.org\/{rel}","templated":true}]}}