{"id":25,"date":"2019-09-09T15:52:16","date_gmt":"2019-09-09T15:52:16","guid":{"rendered":"http:\/\/jonathanlaberge.com\/stcyr\/?page_id=25"},"modified":"2026-03-25T22:42:58","modified_gmt":"2026-03-25T22:42:58","slug":"reservation","status":"publish","type":"page","link":"https:\/\/stcyrroyal.com\/fr\/reservation\/","title":{"rendered":"Reservation"},"content":{"rendered":"<hr>\n<div>r\u00e9servation<\/div>\n<div>\n<p>Commencez \u00e0 planifier votre s\u00e9jour \u00e0 St-Cyr Royal. Soumettez votre demande de r\u00e9servation ci-dessous et nous vous contacterons rapidement afin de confirmer les disponibilit\u00e9s et finaliser les d\u00e9tails de votre exp\u00e9rience en pleine nature.<\/p>\n<\/div>\n<div>\n<p>    <iframe\n  id=\"JotFormIFrame-260837518255261\"\n  title=\"Booking Form\"\n  allowtransparency=\"true\"\n  allow=\"geolocation; microphone; camera; fullscreen\"\n  src=\"https:\/\/form.jotform.com\/260837518255261\"\n  frameborder=\"0\"\n  style=\"width:1px; min-width:100%; height:1850px; border:none;\"\n  scrolling=\"no\"><br \/>\n<\/iframe>\n<\/div>\n<div>Please contacts us for more information about travel insurance (recommended) and Cancelation Policy.<\/div>\n<p><!--more--><br \/>\n<!-- {\"type\":\"layout\",\"children\":[{\"name\":\"About\",\"type\":\"section\",\"props\":{\"animation\":\"fade\",\"header_transparent\":true,\"image\":\"wp-content\/uploads\/2026\/02\/boat-lake.png\",\"image_effect\":\"parallax\",\"image_parallax_bgy\":\"0,-200\",\"image_parallax_easing\":\"1\",\"image_position\":\"top-left\",\"image_size\":\"width-1-1\",\"media_visibility\":\"xl\",\"overlap\":false,\"padding_bottom\":\"xsmall\",\"padding_top\":\"small\",\"style\":\"default\",\"title_breakpoint\":\"xl\",\"title_position\":\"top-left\",\"title_rotation\":\"left\",\"vertical_align\":\"\",\"width\":\"default\"},\"children\":[{\"type\":\"row\",\"children\":[{\"type\":\"column\",\"props\":{\"image_position\":\"center-center\",\"position_sticky_breakpoint\":\"m\"},\"children\":[{\"type\":\"divider\",\"props\":{\"block_align\":\"center\",\"divider_align\":\"center\",\"divider_element\":\"hr\",\"divider_style\":\"icon\",\"margin_bottom\":\"xsmall\",\"margin_top\":\"xsmall\",\"maxwidth\":\"small\"}},{\"type\":\"headline\",\"props\":{\"content\":\"r\u00e9servation\",\"image_align\":\"left\",\"image_margin\":\"xsmall\",\"margin_bottom\":\"xsmall\",\"margin_top\":\"xsmall\",\"text_align\":\"center\",\"title_color\":\"primary\",\"title_element\":\"div\",\"title_style\":\"h3\"}},{\"type\":\"text\",\"props\":{\"block_align\":\"center\",\"column_breakpoint\":\"m\",\"content\":\"\n\n<p>Commencez \u00e0 planifier votre s\u00e9jour \u00e0 St-Cyr Royal. Soumettez votre demande de r\u00e9servation ci-dessous et nous vous contacterons rapidement afin de confirmer les disponibilit\u00e9s et finaliser les d\u00e9tails de votre exp\u00e9rience en pleine nature.<\/p>\n\n\",\"margin_bottom\":\"xsmall\",\"margin_top\":\"default\",\"maxwidth\":\"2xlarge\",\"text_align\":\"center\"}},{\"type\":\"html\",\"props\":{\"content\":\"\\n\\n\\n    <iframe\\n  id=\\\"JotFormIFrame-260837518255261\\\"\\n  title=\\\"Booking Form\\\"\\n  allowtransparency=\\\"true\\\"\\n  allow=\\\"geolocation; microphone; camera; fullscreen\\\"\\n  src=\\\"https:\/\/form.jotform.com\/260837518255261\\\"\\n  frameborder=\\\"0\\\"\\n  style=\\\"width:1px; min-width:100%; height:1850px; border:none;\\\"\\n  scrolling=\\\"no\\\">\\n<\/iframe>\",\"margin_top\":\"xsmall\"}},{\"type\":\"text\",\"props\":{\"column_breakpoint\":\"m\",\"content\":\"Please contacts us for more information about travel insurance (recommended) and Cancelation Policy.\",\"margin_bottom\":\"default\",\"margin_top\":\"default\",\"text_align\":\"center\"}}]}]},{\"type\":\"row\",\"props\":{\"column_gap\":\"medium\",\"layout\":\"1-4,1-4,1-2|1-2,1-2,1-1\",\"margin_bottom\":\"xlarge\",\"margin_top\":\"xlarge\",\"row_gap\":\"medium\",\"status\":\"disabled\"},\"children\":[{\"type\":\"column\",\"props\":{\"image_position\":\"center-center\",\"position_sticky_breakpoint\":\"m\",\"vertical_align\":\"middle\",\"width_medium\":\"1-4\",\"width_small\":\"1-2\"},\"children\":[{\"type\":\"image\",\"props\":{\"image\":\"wp-content\/uploads\/yootheme\/demo\/about-impression-04.jpg\",\"image_svg_color\":\"emphasis\",\"image_width\":\"900\",\"margin_bottom\":\"\",\"margin_top\":\"\"}},{\"type\":\"image\",\"props\":{\"image\":\"wp-content\/uploads\/yootheme\/demo\/about-impression-05.jpg\",\"image_svg_color\":\"emphasis\",\"image_width\":\"900\",\"margin_bottom\":\"default\",\"margin_top\":\"default\"}}]},{\"type\":\"column\",\"props\":{\"image_position\":\"center-center\",\"position_sticky_breakpoint\":\"m\",\"vertical_align\":\"middle\",\"width_medium\":\"1-4\",\"width_small\":\"1-2\"},\"children\":[{\"type\":\"image\",\"props\":{\"image\":\"wp-content\/uploads\/yootheme\/demo\/about-impression-06.jpg\",\"image_svg_color\":\"emphasis\",\"image_width\":\"900\",\"margin_bottom\":\"default\",\"margin_top\":\"default\"}}]},{\"type\":\"column\",\"props\":{\"image_position\":\"center-center\",\"position_sticky_breakpoint\":\"m\",\"vertical_align\":\"middle\",\"width_medium\":\"1-2\",\"width_small\":\"1-1\"},\"children\":[{\"type\":\"panel\",\"props\":{\"block_align\":\"right\",\"content\":\"Lorem ipsum dolor sit amet, consetetur sadipscing elitr, sed diam nonumy eirmod tempor invidunt ut labore et dolore magna aliquyam erat, sed diam voluptua. At vero eos et accusam et justo duo dolores et ea rebum.\",\"content_column_breakpoint\":\"m\",\"image_align\":\"top\",\"image_grid_breakpoint\":\"m\",\"image_grid_width\":\"1-2\",\"image_svg_color\":\"emphasis\",\"link_style\":\"default\",\"link_text\":\"Read more\",\"margin_bottom\":\"default\",\"margin_top\":\"default\",\"maxwidth\":\"xlarge\",\"maxwidth_breakpoint\":\"m\",\"meta_align\":\"below-title\",\"meta_element\":\"div\",\"meta_style\":\"text-meta\",\"title\":\"Sports and Recreational Opportunities\",\"title_align\":\"top\",\"title_element\":\"h2\",\"title_grid_breakpoint\":\"m\",\"title_grid_width\":\"1-2\",\"title_hover_style\":\"reset\",\"title_style\":\"h3\"}},{\"type\":\"text\",\"props\":{\"block_align\":\"right\",\"column\":\"1-2\",\"column_breakpoint\":\"s\",\"column_divider\":false,\"content\":\"Watersports<br \/>\\nSwimming<br \/>\\nKayaking<br \/>\\nFishing<br \/>\\nHiking<br \/>\\nExploring<br \/>\\nClimbing<br \/>\\nCycling\",\"dropcap\":false,\"margin_bottom\":\"medium\",\"margin_top\":\"medium\",\"maxwidth\":\"xlarge\",\"maxwidth_breakpoint\":\"m\",\"text_color\":\"primary\"}}]}]}]},{\"name\":\"Hero\",\"type\":\"section\",\"props\":{\"header_transparent\":true,\"header_transparent_noplaceholder\":false,\"header_transparent_text_color\":\"dark\",\"height\":\"viewport\",\"height_viewport\":80,\"height_viewport_offset\":true,\"image_position\":\"center-center\",\"image_size\":\"cover\",\"media_overlay\":\"rgba(91, 101, 148, 0.13)\",\"overlap\":true,\"padding_bottom\":\"xlarge\",\"padding_top\":\"xlarge\",\"status\":\"disabled\",\"style\":\"default\",\"text_color\":\"light\",\"title_breakpoint\":\"xl\",\"title_position\":\"top-left\",\"title_rotation\":\"left\",\"vertical_align\":\"\",\"video\":\"wp-content\/uploads\/yootheme\/demo\/about-hero.mp4\",\"width\":\"large\"},\"children\":[{\"type\":\"row\",\"children\":[{\"type\":\"column\",\"props\":{\"image_position\":\"center-center\",\"position_sticky_breakpoint\":\"m\",\"width_medium\":\"1-1\"},\"children\":[{\"type\":\"headline\",\"props\":{\"animation\":\"parallax\",\"content\":\"A Trip That Brings You Closer to Nature\",\"image_align\":\"left\",\"image_margin\":\"xsmall\",\"margin_bottom\":\"remove\",\"margin_top\":\"remove\",\"parallax_breakpoint\":\"m\",\"parallax_easing\":\"0.8\",\"parallax_end\":\"5vh + 5%\",\"parallax_opacity\":\"1,0\",\"parallax_y\":\"0,40\",\"text_align\":\"center\",\"title_element\":\"div\",\"title_style\":\"h3\"}},{\"type\":\"divider\",\"props\":{\"divider_element\":\"hr\"}}]}]}]},{\"name\":\"Activities\",\"type\":\"section\",\"props\":{\"animation\":\"fade\",\"css\":\"@media (min-width: 960px)  {\\n    .el-section > * {\\n        padding-bottom: 290px !important;\\n    }\\n}\\n\\n@media (min-width: 1600px)  {\\n    .el-section > * {\\n        padding-bottom: 500px !important;\\n    }\\n}\",\"image\":\"wp-content\/uploads\/yootheme\/demo\/about-activities-bg.jpg\",\"image_position\":\"bottom-center\",\"image_size\":\"contain\",\"image_width\":\"2560\",\"media_visibility\":\"m\",\"overlap\":true,\"padding_bottom\":\"large\",\"padding_top\":\"large\",\"status\":\"disabled\",\"style\":\"default\",\"title_breakpoint\":\"xl\",\"title_position\":\"top-left\",\"title_rotation\":\"left\",\"vertical_align\":\"\",\"width\":\"large\"},\"children\":[{\"type\":\"row\",\"children\":[{\"type\":\"column\",\"props\":{\"image_position\":\"center-center\",\"position_sticky_breakpoint\":\"m\",\"width_medium\":\"1-1\"},\"children\":[{\"type\":\"divider\",\"props\":{\"divider_align\":\"center\",\"divider_element\":\"hr\",\"divider_style\":\"small\"}},{\"type\":\"headline\",\"props\":{\"content\":\"Wildlife Adventures and Family Friendly Events\",\"image_align\":\"left\",\"image_margin\":\"xsmall\",\"text_align\":\"center\",\"title_element\":\"h2\"}},{\"type\":\"grid\",\"props\":{\"content_column_breakpoint\":\"m\",\"filter_align\":\"left\",\"filter_all\":true,\"filter_grid_breakpoint\":\"m\",\"filter_grid_width\":\"auto\",\"filter_position\":\"top\",\"filter_style\":\"tab\",\"grid_default\":\"1\",\"grid_medium\":\"4\",\"grid_small\":\"2\",\"image_align\":\"top\",\"image_grid_breakpoint\":\"m\",\"image_grid_width\":\"1-2\",\"image_link\":true,\"image_svg_color\":\"emphasis\",\"item_animation\":true,\"lightbox\":true,\"lightbox_bg_close\":true,\"lightbox_image_width\":\"600\",\"link_style\":\"default\",\"link_text\":\"\",\"margin_bottom\":\"large\",\"margin_top\":\"large\",\"meta_align\":\"below-title\",\"meta_element\":\"div\",\"meta_style\":\"text-meta\",\"parallax_easing\":\"1\",\"show_content\":true,\"show_hover_image\":true,\"show_hover_video\":true,\"show_image\":true,\"show_link\":true,\"show_meta\":true,\"show_title\":false,\"show_video\":true,\"title_align\":\"top\",\"title_element\":\"h3\",\"title_grid_breakpoint\":\"m\",\"title_grid_width\":\"1-2\",\"title_hover_style\":\"reset\",\"title_link\":true,\"title_style\":\"h4\"},\"children\":[{\"type\":\"grid_item\",\"props\":{\"content\":\"Cozy Cabins\",\"image\":\"wp-content\/uploads\/yootheme\/demo\/about-activities-01.jpg\",\"title\":\"Cozy Cabins\"}},{\"type\":\"grid_item\",\"props\":{\"content\":\"Wildlife Feeding\",\"image\":\"wp-content\/uploads\/yootheme\/demo\/about-activities-02.jpg\",\"title\":\"Wildlife Feeding\"}},{\"type\":\"grid_item\",\"props\":{\"content\":\"Birds of Prey Show\",\"image\":\"wp-content\/uploads\/yootheme\/demo\/about-activities-03.jpg\",\"title\":\"Birds of Prey Show\"}},{\"type\":\"grid_item\",\"props\":{\"content\":\"Campfire Spots\",\"image\":\"wp-content\/uploads\/yootheme\/demo\/about-activities-04.jpg\",\"title\":\"Campfire Spots\"}},{\"type\":\"grid_item\",\"props\":{\"content\":\"Barista Classes\",\"image\":\"wp-content\/uploads\/yootheme\/demo\/about-activities-05.jpg\",\"title\":\"Cooking Sessions\"}},{\"type\":\"grid_item\",\"props\":{\"content\":\"Guided Tours & Park Events\",\"image\":\"wp-content\/uploads\/yootheme\/demo\/about-activities-06.jpg\",\"title\":\"Guided Tours & Park Events\"}},{\"type\":\"grid_item\",\"props\":{\"content\":\"Live Music & Dancing Evenings\",\"image\":\"wp-content\/uploads\/yootheme\/demo\/about-activities-07.jpg\",\"title\":\"Live Music & Dancing Evenings\"}},{\"type\":\"grid_item\",\"props\":{\"content\":\"Events for Kids\",\"image\":\"wp-content\/uploads\/yootheme\/demo\/about-activities-08.jpg\",\"title\":\"Events for Kids\"}}]}]}]}]},{\"name\":\"Quote\",\"type\":\"section\",\"props\":{\"animation\":\"fade\",\"image_position\":\"center-center\",\"padding_bottom\":\"none\",\"status\":\"disabled\",\"style\":\"default\",\"title_breakpoint\":\"xl\",\"title_position\":\"top-left\",\"title_rotation\":\"left\",\"vertical_align\":\"\",\"width\":\"large\"},\"children\":[{\"type\":\"row\",\"children\":[{\"type\":\"column\",\"props\":{\"image_position\":\"center-center\",\"position_sticky_breakpoint\":\"m\",\"width_medium\":\"1-1\"},\"children\":[{\"type\":\"panel\",\"props\":{\"content\":\"\\\"Lorem ipsum dolor sit amet, consetetur sadipscing elitr, sed diam nonumy eirmod tempor invidunt ut labore et dolore magna aliquyam erat, sed diam voluptua. At vero eos et accusam et justo duo dolores et ea rebum.\\\"\",\"content_column_breakpoint\":\"m\",\"content_style\":\"text-lead\",\"image\":\"wp-content\/uploads\/yootheme\/demo\/about-james.jpg\",\"image_align\":\"left\",\"image_expand\":true,\"image_grid_breakpoint\":\"m\",\"image_grid_column_gap\":\"large\",\"image_grid_row_gap\":\"large\",\"image_grid_width\":\"1-2\",\"image_svg_color\":\"emphasis\",\"image_vertical_align\":true,\"image_width\":\"900\",\"link_style\":\"default\",\"link_text\":\"Read more\",\"margin_bottom\":\"remove\",\"margin_top\":\"remove\",\"meta\":\"Pinewood Lake Owner and Manager\",\"meta_align\":\"below-title\",\"meta_element\":\"h2\",\"meta_style\":\"text-meta\",\"panel_image_no_padding\":true,\"panel_padding\":\"large\",\"panel_style\":\"card-primary\",\"title\":\"James Arthur McMullen\",\"title_align\":\"top\",\"title_element\":\"div\",\"title_grid_breakpoint\":\"m\",\"title_grid_width\":\"1-2\",\"title_hover_style\":\"reset\",\"title_style\":\"h2\"}}]}]}]}],\"version\":\"5.0.13\"} --><\/p>\n","protected":false},"excerpt":{"rendered":"<p>r\u00e9servation Commencez \u00e0 planifier votre s\u00e9jour \u00e0 St-Cyr Royal. Soumettez votre demande de r\u00e9servation ci-dessous et nous vous contacterons rapidement afin de confirmer les disponibilit\u00e9s et finaliser les d\u00e9tails de votre exp\u00e9rience en pleine nature. Please contacts us for more information about travel insurance (recommended) and Cancelation Policy.<\/p>\n","protected":false},"author":1,"featured_media":0,"parent":0,"menu_order":3,"comment_status":"closed","ping_status":"closed","template":"","meta":{"_acf_changed":false,"footnotes":""},"class_list":["post-25","page","type-page","status-publish","hentry"],"acf":[],"_links":{"self":[{"href":"https:\/\/stcyrroyal.com\/fr\/wp-json\/wp\/v2\/pages\/25","targetHints":{"allow":["GET"]}}],"collection":[{"href":"https:\/\/stcyrroyal.com\/fr\/wp-json\/wp\/v2\/pages"}],"about":[{"href":"https:\/\/stcyrroyal.com\/fr\/wp-json\/wp\/v2\/types\/page"}],"author":[{"embeddable":true,"href":"https:\/\/stcyrroyal.com\/fr\/wp-json\/wp\/v2\/users\/1"}],"replies":[{"embeddable":true,"href":"https:\/\/stcyrroyal.com\/fr\/wp-json\/wp\/v2\/comments?post=25"}],"version-history":[{"count":23,"href":"https:\/\/stcyrroyal.com\/fr\/wp-json\/wp\/v2\/pages\/25\/revisions"}],"predecessor-version":[{"id":2615,"href":"https:\/\/stcyrroyal.com\/fr\/wp-json\/wp\/v2\/pages\/25\/revisions\/2615"}],"wp:attachment":[{"href":"https:\/\/stcyrroyal.com\/fr\/wp-json\/wp\/v2\/media?parent=25"}],"curies":[{"name":"wp","href":"https:\/\/api.w.org\/{rel}","templated":true}]}}