{"id":21,"date":"2019-09-09T15:52:20","date_gmt":"2019-09-09T15:52:20","guid":{"rendered":"http:\/\/jonathanlaberge.com\/stcyr\/?page_id=21"},"modified":"2026-03-25T23:57:20","modified_gmt":"2026-03-25T23:57:20","slug":"chasse","status":"publish","type":"page","link":"https:\/\/stcyrroyal.com\/fr\/chasse\/","title":{"rendered":"Chasse"},"content":{"rendered":"<hr>\n<div>CHASSE \u00c0 L&#8217;ORIGNAL<\/div>\n<div>\n<p >La chasse \u00e0 l\u2019orignal dans la nature sauvage du Qu\u00e9bec \u00e0 l\u2019automne est tout simplement spectaculaire \u2014 air frais, couleurs vibrantes et un vol en hydravion \u00e0 couper le souffle vers notre pavillon cinq \u00e9toiles marquent le d\u00e9but de l\u2019aventure. S\u2019\u00e9tendant sur 75 000 acres de territoire exclusif, la r\u00e9gion offre d\u2019innombrables possibilit\u00e9s \u00e0 travers lacs et secteurs isol\u00e9s, accessibles en embarcation, en canot ou \u00e0 pied. Gr\u00e2ce \u00e0 une gestion bas\u00e9e sur la r\u00e9colte de m\u00e2les seulement et \u00e0 un nombre limit\u00e9 de chasseurs chaque saison, nous assurons une exp\u00e9rience de chasse de grande qualit\u00e9, responsable et respectueuse.<\/p>\n<p >Les chasseurs doivent se procurer leur permis de chasse \u00e0 l\u2019orignal du Qu\u00e9bec en ligne avant leur arriv\u00e9e. La saison se d\u00e9roule g\u00e9n\u00e9ralement durant les deux derni\u00e8res semaines de septembre.<\/p>\n<\/div>\n<p><p>\n        <a href=\"\/fr\/?page_id=25\">RESERVEZ MAINTENANT<\/a>\n    <\/p>\n<\/p>\n<div>\n<p>    <img decoding=\"async\" src=\"\/fr\/wp-content\/uploads\/2026\/02\/moose2.png\" alt=\"\"><\/p>\n<\/div>\n<h1>Vol \u00e0 partir du Berthelot<\/h1>\n<h1>PRIX PAR PERSONNE<\/h1>\n<div>\n<table class=\"uk-table uk-table-divider uk-table-hover uk-table-small\">\n<thead><\/thead>\n<tbody>\n<tr>\n<td class=\"uk-text-primary\">6 nuits<\/td>\n<td>1 orignal par 2 personnes<\/td>\n<td>5800$<\/td>\n<\/tr>\n<tr><\/tr>\n<\/tbody>\n<\/table>\n<\/div>\n<ul>\n<li>\n<div>Devise Canadienne ou Am\u00e9ricaine<\/div>\n<\/li>\n<li>\n<div>Taxes provinciales, f\u00e9d\u00e9rales et d\u2019h\u00e9bergement en sus<\/div>\n<\/li>\n<\/ul>\n<div>\n<p>Un d\u00e9p\u00f4t de 30 % est requis dans les 2 semaines suivant la r\u00e9servation. Le solde est payable dans les 30 jours suivant la r\u00e9servation. Les r\u00e9servations effectu\u00e9es en saison (mai \u00e0 juin) doivent \u00eatre pay\u00e9es en totalit\u00e9.<\/p>\n<\/div>\n<div>\n<p>Le nombre de places \u00e9tant limit\u00e9, tant pour l\u2019h\u00e9bergement que pour les chasseurs admis chaque saison, il est recommand\u00e9 de r\u00e9server le plus t\u00f4t possible afin de garantir vos dates. Pour plus d\u2019informations ou pour r\u00e9server, n\u2019h\u00e9sitez pas \u00e0 nous contacter.\u00a0<\/p>\n<p><strong>Procurez-vous votre permis de chasse ici : <a href=\"https:\/\/mondossierchassepeche.gouv.qc.ca\" target=\"_blank\" rel=\"noopener\">https:\/\/mondossierchassepeche.gouv.qc.ca<\/a><\/strong><\/p>\n<\/div>\n<ul>\n<li>\n<p>        <img decoding=\"async\" src=\"\/fr\/wp-content\/uploads\/2026\/02\/bear2.png\" alt=\"\"><\/p>\n<\/li>\n<li>\n<p>        <img decoding=\"async\" src=\"\/fr\/wp-content\/uploads\/2026\/02\/bear3.jpg\" alt=\"\"><\/p>\n<\/li>\n<li>\n<p>        <img decoding=\"async\" src=\"\/fr\/wp-content\/uploads\/2026\/02\/bear2.jpg\" alt=\"\"><\/p>\n<\/li>\n<\/ul>\n<hr>\n<div>CHASSE \u00c0 L&#8217;OURS<\/div>\n<div>\n<p>St-Cyr Royal offre des opportunit\u00e9s exceptionnelles pour la chasse \u00e0 l\u2019ours noir dans le nord du Qu\u00e9bec. Notre territoire exclusif et nos sites d\u2019app\u00e2tage bien \u00e9tablis permettent des occasions de tir \u00e0 courte distance, g\u00e9n\u00e9ralement entre 15 et 35 verges, avec d\u2019excellents taux de succ\u00e8s, autant pour les chasseurs \u00e0 la carabine qu\u2019\u00e0 l\u2019arc.<\/p>\n<p>Les chasseurs doivent se procurer leur permis de chasse \u00e0 l\u2019ours du Qu\u00e9bec en ligne avant leur arriv\u00e9e. Nos guides exp\u00e9riment\u00e9s assurent le transport vers les sites, la r\u00e9cup\u00e9ration du gibier, ainsi que la pr\u00e9paration des peaux (\u00e9corchage, cong\u00e9lation) et les formalit\u00e9s n\u00e9cessaires pour le transport. Profitez d\u2019une exp\u00e9rience unique en combinant la p\u00eache le matin et la chasse \u00e0 l\u2019ours en fin de journ\u00e9e, dans un habitat id\u00e9al.<\/p>\n<p>La saison se d\u00e9roule de la derni\u00e8re semaine de mai jusqu\u2019\u00e0 la fin juin.<\/p>\n<\/div>\n<p><p>\n        <a href=\"\/fr\/?page_id=25\">RESERVEZ MAINTENANT<\/a>\n    <\/p>\n<\/p>\n<h1>Vol \u00e0 partir du Berthelot<\/h1>\n<h1>PRIX PAR PERSONNE<\/h1>\n<div>\n<table class=\"uk-table uk-table-divider uk-table-hover uk-table-small\">\n<thead><\/thead>\n<tbody>\n<tr>\n<td class=\"uk-text-primary\">6 jours &#8211; chasse semi guid\u00e9s<\/td>\n<td>5500$ par personne (groupe de 2 pers.)<\/td>\n<td>5000$ par personne (groupe de 3-4 pers.)<\/td>\n<\/tr>\n<tr><\/tr>\n<\/tbody>\n<\/table>\n<\/div>\n<ul>\n<li>\n<div>Devise canadienne ou am\u00e9ricaine<\/div>\n<\/li>\n<li>\n<div>Taxes provinciales, f\u00e9d\u00e9rales et d\u2019h\u00e9bergement en sus<\/div>\n<\/li>\n<\/ul>\n<div>\n<p>*Un d\u00e9p\u00f4t de 30 % est requis dans les 2 semaines suivant la r\u00e9servation. Le solde est payable dans les 30 jours suivant la r\u00e9servation. Les r\u00e9servations effectu\u00e9es en saison (mai \u00e0 juin) doivent \u00eatre pay\u00e9es en totalit\u00e9.<\/p>\n<\/div>\n<div>\n<p>*Le nombre de places \u00e9tant limit\u00e9, tant pour l\u2019h\u00e9bergement que pour les chasseurs admis chaque saison, il est recommand\u00e9 de r\u00e9server le plus t\u00f4t possible afin de garantir vos dates. Pour plus d\u2019informations ou pour r\u00e9server, n\u2019h\u00e9sitez pas \u00e0 nous contacter. <\/p>\n<p><strong>Procurez-vous votre permis de chasse ici :<br \/>\n <a href=\"https:\/\/mondossierchassepeche.gouv.qc.ca\" target=\"_blank\" rel=\"noopener\">https:\/\/mondossierchassepeche.gouv.qc.ca<\/a><\/strong><\/p>\n<\/div>\n<p><!--more--><br \/>\n<!-- {\"type\":\"layout\",\"children\":[{\"name\":\"Moose\",\"type\":\"section\",\"props\":{\"animation\":\"fade\",\"image_position\":\"center-center\",\"padding_bottom\":\"xsmall\",\"style\":\"default\",\"title_breakpoint\":\"xl\",\"title_position\":\"top-left\",\"title_rotation\":\"left\",\"vertical_align\":\"\",\"width\":\"large\"},\"children\":[{\"type\":\"row\",\"props\":{\"layout\":\"1-2,1-2\",\"margin_bottom\":\"large\",\"margin_top\":\"large\"},\"children\":[{\"type\":\"column\",\"props\":{\"image_position\":\"center-center\",\"position_sticky_breakpoint\":\"m\",\"vertical_align\":\"middle\",\"width_medium\":\"1-2\"},\"children\":[{\"type\":\"divider\",\"props\":{\"divider_element\":\"hr\",\"divider_style\":\"icon\",\"margin_bottom\":\"xsmall\",\"margin_top\":\"xsmall\",\"maxwidth\":\"medium\",\"position\":\"relative\",\"position_right\":\"-50\"}},{\"type\":\"headline\",\"props\":{\"content\":\"CHASSE \u00c0 L'ORIGNAL\",\"image_align\":\"left\",\"image_margin\":\"xsmall\",\"margin_bottom\":\"xsmall\",\"margin_top\":\"remove\",\"maxwidth\":\"xlarge\",\"text_align\":\"left\",\"title_color\":\"primary\",\"title_element\":\"div\",\"title_style\":\"h3\"}},{\"type\":\"text\",\"props\":{\"column_breakpoint\":\"m\",\"content\":\"\n\n<p >La chasse \u00e0 l\u2019orignal dans la nature sauvage du Qu\u00e9bec \u00e0 l\u2019automne est tout simplement spectaculaire \u2014 air frais, couleurs vibrantes et un vol en hydravion \u00e0 couper le souffle vers notre pavillon cinq \u00e9toiles marquent le d\u00e9but de l\u2019aventure. S\u2019\u00e9tendant sur 75 000 acres de territoire exclusif, la r\u00e9gion offre d\u2019innombrables possibilit\u00e9s \u00e0 travers lacs et secteurs isol\u00e9s, accessibles en embarcation, en canot ou \u00e0 pied. Gr\u00e2ce \u00e0 une gestion bas\u00e9e sur la r\u00e9colte de m\u00e2les seulement et \u00e0 un nombre limit\u00e9 de chasseurs chaque saison, nous assurons une exp\u00e9rience de chasse de grande qualit\u00e9, responsable et respectueuse.<\/p>\n\n\\n\n\n<p >Les chasseurs doivent se procurer leur permis de chasse \u00e0 l\u2019orignal du Qu\u00e9bec en ligne avant leur arriv\u00e9e. La saison se d\u00e9roule g\u00e9n\u00e9ralement durant les deux derni\u00e8res semaines de septembre.<\/p>\n\n\",\"margin_bottom\":\"medium\",\"margin_top\":\"xsmall\",\"maxwidth\":\"xlarge\",\"text_align_breakpoint\":\"m\"}},{\"type\":\"button\",\"props\":{\"fullwidth\":false,\"grid_column_gap\":\"small\",\"grid_row_gap\":\"small\",\"margin_bottom\":\"medium\",\"margin_top\":\"medium\",\"maxwidth\":\"large\",\"maxwidth_breakpoint\":\"m\",\"text_align\":\"left\"},\"children\":[{\"type\":\"button_item\",\"props\":{\"button_style\":\"primary\",\"content\":\"RESERVEZ MAINTENANT\",\"dialog_layout\":\"modal\",\"dialog_offcanvas_flip\":true,\"icon\":\"\",\"icon_align\":\"right\",\"link\":\"?page_id=25\"}}]}]},{\"type\":\"column\",\"props\":{\"image_position\":\"center-center\",\"position_sticky_breakpoint\":\"m\",\"vertical_align\":\"middle\",\"width_medium\":\"1-2\"},\"children\":[{\"type\":\"slideshow\",\"props\":{\"image_width\":\"920\",\"link_style\":\"default\",\"link_text\":\"Read more\",\"margin_bottom\":\"default\",\"margin_top\":\"default\",\"meta_align\":\"below-title\",\"meta_element\":\"div\",\"meta_style\":\"text-meta\",\"nav\":\"dotnav\",\"nav_align\":\"center\",\"nav_below\":true,\"nav_breakpoint\":\"s\",\"nav_position\":\"bottom-left\",\"nav_position_margin\":\"medium\",\"overlay_animation\":\"parallax\",\"overlay_position\":\"center-left\",\"show_content\":true,\"show_link\":true,\"show_meta\":true,\"show_thumbnail\":true,\"show_title\":true,\"slidenav\":\"\",\"slidenav_breakpoint\":\"s\",\"slidenav_margin\":\"medium\",\"slidenav_outside_breakpoint\":\"xl\",\"slideshow_autoplay\":false,\"slideshow_autoplay_pause\":true,\"slideshow_min_height\":300,\"slideshow_ratio\":\"920:580\",\"text_color\":\"light\",\"thumbnav_height\":\"75\",\"thumbnav_svg_color\":\"emphasis\",\"thumbnav_width\":\"100\",\"title_element\":\"h3\",\"title_hover_style\":\"reset\"},\"children\":[{\"type\":\"slideshow_item\",\"props\":{\"image\":\"wp-content\/uploads\/2026\/02\/moose2.png\",\"title\":\"\"}}]}]}]}]},{\"type\":\"section\",\"props\":{\"image_position\":\"center-center\",\"style\":\"muted\",\"title_breakpoint\":\"xl\",\"title_position\":\"top-left\",\"title_rotation\":\"left\",\"vertical_align\":\"middle\",\"width\":\"default\"},\"children\":[{\"type\":\"row\",\"props\":{\"layout\":\"1-2,1-2\",\"width\":\"default\"},\"children\":[{\"type\":\"column\",\"props\":{\"image_position\":\"center-center\",\"position_sticky_breakpoint\":\"m\",\"width_medium\":\"1-2\"},\"children\":[{\"type\":\"headline\",\"props\":{\"content\":\"Vol \u00e0 partir du Berthelot\",\"image_align\":\"left\",\"image_margin\":\"xsmall\",\"margin_bottom\":\"xsmall\",\"margin_top\":\"default\",\"title_element\":\"h1\",\"title_style\":\"text-lead\"}},{\"type\":\"headline\",\"props\":{\"content\":\"PRIX PAR PERSONNE\",\"image_align\":\"left\",\"image_margin\":\"xsmall\",\"margin_top\":\"xsmall\",\"title_element\":\"h1\",\"title_style\":\"text-meta\"}},{\"type\":\"text\",\"props\":{\"column_breakpoint\":\"m\",\"content\":\"\n\n<table class=\\\"uk-table uk-table-divider uk-table-hover uk-table-small\\\">\\n\n\n<thead><\/thead>\n\n\\n\n\n<tbody>\\n\n\n<tr>\\n\n\n<td class=\\\"uk-text-primary\\\">6 nuits<\/td>\n\n\\n\n\n<td>1 orignal par 2 personnes<\/td>\n\n\\n\n\n<td>5800$<\/td>\n\n\\n<\/tr>\n\n\\n\n\n<tr><\/tr>\n\n\\n<\/tbody>\n\n\\n<\/table>\n\n\",\"margin_bottom\":\"xsmall\",\"margin_top\":\"default\",\"maxwidth_breakpoint\":\"m\"}},{\"type\":\"list\",\"props\":{\"column_breakpoint\":\"m\",\"content_style\":\"h6\",\"image_align\":\"left\",\"image_svg_color\":\"emphasis\",\"image_vertical_align\":true,\"list_element\":\"ul\",\"list_horizontal_separator\":\", \",\"list_marker\":\"circle\",\"list_marker_color\":\"primary\",\"list_type\":\"vertical\",\"margin_bottom\":\"xsmall\",\"margin_top\":\"xsmall\",\"show_image\":true,\"show_link\":true},\"children\":[{\"type\":\"list_item\",\"props\":{\"content\":\"Devise Canadienne ou Am\u00e9ricaine\"}},{\"type\":\"list_item\",\"props\":{\"content\":\"Taxes provinciales, f\u00e9d\u00e9rales et d\u2019h\u00e9bergement en sus\"}}]}]},{\"type\":\"column\",\"props\":{\"image_position\":\"center-center\",\"position_sticky_breakpoint\":\"m\",\"width_medium\":\"1-2\"},\"children\":[{\"type\":\"text\",\"props\":{\"column_breakpoint\":\"m\",\"content\":\"\n\n<p>Un d\u00e9p\u00f4t de 30 % est requis dans les 2 semaines suivant la r\u00e9servation. Le solde est payable dans les 30 jours suivant la r\u00e9servation. Les r\u00e9servations effectu\u00e9es en saison (mai \u00e0 juin) doivent \u00eatre pay\u00e9es en totalit\u00e9.<\/p>\n\n\",\"dropcap\":false,\"margin_bottom\":\"default\",\"margin_top\":\"default\",\"text_style\":\"meta\"}},{\"type\":\"text\",\"props\":{\"column_breakpoint\":\"m\",\"content\":\"\n\n<p>Le nombre de places \u00e9tant limit\u00e9, tant pour l\u2019h\u00e9bergement que pour les chasseurs admis chaque saison, il est recommand\u00e9 de r\u00e9server le plus t\u00f4t possible afin de garantir vos dates. Pour plus d\u2019informations ou pour r\u00e9server, n\u2019h\u00e9sitez pas \u00e0 nous contacter.\u00a0<\/p>\n\n\\n\n\n<p><strong>Procurez-vous votre permis de chasse ici : <a href=\\\"https:\/\/mondossierchassepeche.gouv.qc.ca\\\">https:\/\/mondossierchassepeche.gouv.qc.ca<\/a><\/strong><\/p>\n\n\",\"margin_bottom\":\"default\",\"margin_top\":\"default\",\"text_style\":\"meta\"}}]}]}],\"name\":\"Liste de prix\"},{\"name\":\"Bear\",\"type\":\"section\",\"props\":{\"animation\":\"fade\",\"image_position\":\"center-center\",\"padding_bottom\":\"xsmall\",\"style\":\"default\",\"title_breakpoint\":\"xl\",\"title_position\":\"top-left\",\"title_rotation\":\"left\",\"vertical_align\":\"\",\"width\":\"large\"},\"children\":[{\"type\":\"row\",\"props\":{\"layout\":\"1-2,1-2\",\"margin_bottom\":\"large\",\"margin_top\":\"large\"},\"children\":[{\"type\":\"column\",\"props\":{\"image_position\":\"center-center\",\"position_sticky_breakpoint\":\"m\",\"vertical_align\":\"middle\",\"width_medium\":\"1-2\"},\"children\":[{\"type\":\"slideshow\",\"props\":{\"image_width\":\"920\",\"link_style\":\"default\",\"link_text\":\"Read more\",\"margin_bottom\":\"default\",\"margin_top\":\"default\",\"meta_align\":\"below-title\",\"meta_element\":\"div\",\"meta_style\":\"text-meta\",\"nav\":\"dotnav\",\"nav_align\":\"center\",\"nav_below\":true,\"nav_breakpoint\":\"s\",\"nav_position\":\"bottom-left\",\"nav_position_margin\":\"medium\",\"overlay_animation\":\"parallax\",\"overlay_position\":\"center-left\",\"show_content\":true,\"show_link\":true,\"show_meta\":true,\"show_thumbnail\":true,\"show_title\":true,\"slidenav\":\"\",\"slidenav_breakpoint\":\"s\",\"slidenav_margin\":\"medium\",\"slidenav_outside_breakpoint\":\"xl\",\"slideshow_autoplay\":true,\"slideshow_autoplay_pause\":true,\"slideshow_min_height\":300,\"slideshow_ratio\":\"920:580\",\"text_color\":\"light\",\"thumbnav_height\":\"75\",\"thumbnav_svg_color\":\"emphasis\",\"thumbnav_width\":\"100\",\"title_element\":\"h3\",\"title_hover_style\":\"reset\"},\"children\":[{\"type\":\"slideshow_item\",\"props\":{\"image\":\"wp-content\/uploads\/2026\/02\/bear2.png\"}},{\"type\":\"slideshow_item\",\"props\":{\"image\":\"wp-content\/uploads\/2026\/02\/bear3.jpg\"}},{\"type\":\"slideshow_item\",\"props\":{\"image\":\"wp-content\/uploads\/2026\/02\/bear2.jpg\"}}]}]},{\"type\":\"column\",\"props\":{\"image_position\":\"center-center\",\"position_sticky_breakpoint\":\"m\",\"vertical_align\":\"middle\",\"width_medium\":\"1-2\"},\"children\":[{\"type\":\"divider\",\"props\":{\"divider_element\":\"hr\",\"divider_style\":\"icon\",\"margin_bottom\":\"xsmall\",\"margin_top\":\"xsmall\",\"maxwidth\":\"medium\",\"position\":\"relative\",\"position_right\":\"-40\"}},{\"type\":\"headline\",\"props\":{\"content\":\"CHASSE \u00c0 L'OURS\",\"image_align\":\"left\",\"image_margin\":\"xsmall\",\"margin_bottom\":\"xsmall\",\"margin_top\":\"remove\",\"maxwidth\":\"xlarge\",\"text_align\":\"left\",\"title_color\":\"primary\",\"title_element\":\"div\",\"title_style\":\"h3\"}},{\"type\":\"text\",\"props\":{\"column_breakpoint\":\"m\",\"content\":\"\n\n<p>St-Cyr Royal offre des opportunit\u00e9s exceptionnelles pour la chasse \u00e0 l\u2019ours noir dans le nord du Qu\u00e9bec. Notre territoire exclusif et nos sites d\u2019app\u00e2tage bien \u00e9tablis permettent des occasions de tir \u00e0 courte distance, g\u00e9n\u00e9ralement entre 15 et 35 verges, avec d\u2019excellents taux de succ\u00e8s, autant pour les chasseurs \u00e0 la carabine qu\u2019\u00e0 l\u2019arc.<\/p>\n\n\\n\n\n<p>Les chasseurs doivent se procurer leur permis de chasse \u00e0 l\u2019ours du Qu\u00e9bec en ligne avant leur arriv\u00e9e. Nos guides exp\u00e9riment\u00e9s assurent le transport vers les sites, la r\u00e9cup\u00e9ration du gibier, ainsi que la pr\u00e9paration des peaux (\u00e9corchage, cong\u00e9lation) et les formalit\u00e9s n\u00e9cessaires pour le transport. Profitez d\u2019une exp\u00e9rience unique en combinant la p\u00eache le matin et la chasse \u00e0 l\u2019ours en fin de journ\u00e9e, dans un habitat id\u00e9al.<\/p>\n\n\\n\n\n<p>La saison se d\u00e9roule de la derni\u00e8re semaine de mai jusqu\u2019\u00e0 la fin juin.<\/p>\n\n\",\"margin_bottom\":\"medium\",\"margin_top\":\"xsmall\",\"maxwidth\":\"xlarge\",\"text_align_breakpoint\":\"m\"}},{\"type\":\"button\",\"props\":{\"fullwidth\":false,\"grid_column_gap\":\"small\",\"grid_row_gap\":\"small\",\"margin_bottom\":\"medium\",\"margin_top\":\"medium\",\"maxwidth\":\"large\",\"maxwidth_breakpoint\":\"m\",\"text_align\":\"left\"},\"children\":[{\"type\":\"button_item\",\"props\":{\"button_style\":\"primary\",\"content\":\"RESERVEZ MAINTENANT\",\"dialog_layout\":\"modal\",\"dialog_offcanvas_flip\":true,\"icon\":\"\",\"icon_align\":\"right\",\"link\":\"?page_id=25\"}}]}]}]}]},{\"type\":\"section\",\"props\":{\"image_position\":\"center-center\",\"style\":\"muted\",\"title_breakpoint\":\"xl\",\"title_position\":\"top-left\",\"title_rotation\":\"left\",\"vertical_align\":\"middle\",\"width\":\"default\"},\"children\":[{\"type\":\"row\",\"props\":{\"layout\":\"4-5,1-5\",\"width\":\"default\"},\"children\":[{\"type\":\"column\",\"props\":{\"image_position\":\"center-center\",\"position_sticky_breakpoint\":\"m\",\"width_medium\":\"4-5\"},\"children\":[{\"type\":\"headline\",\"props\":{\"content\":\"Vol \u00e0 partir du Berthelot\",\"image_align\":\"left\",\"image_margin\":\"xsmall\",\"margin_bottom\":\"xsmall\",\"margin_top\":\"default\",\"title_element\":\"h1\",\"title_style\":\"text-lead\"}},{\"type\":\"headline\",\"props\":{\"content\":\"PRIX PAR PERSONNE\",\"image_align\":\"left\",\"image_margin\":\"xsmall\",\"margin_top\":\"xsmall\",\"title_element\":\"h1\",\"title_style\":\"text-meta\"}},{\"type\":\"text\",\"props\":{\"column_breakpoint\":\"m\",\"content\":\"\n\n<table class=\\\"uk-table uk-table-divider uk-table-hover uk-table-small\\\">\\n\n\n<thead><\/thead>\n\n\\n\n\n<tbody>\\n\n\n<tr>\\n\n\n<td class=\\\"uk-text-primary\\\">6 jours - chasse semi guid\u00e9s<\/td>\n\n\\n\n\n<td>5500$ par personne (groupe de 2 pers.)<\/td>\n\n\\n\n\n<td>5000$ par personne (groupe de 3-4 pers.)<\/td>\n\n\\n<\/tr>\n\n\\n\n\n<tr><\/tr>\n\n\\n<\/tbody>\n\n\\n<\/table>\n\n\",\"margin_bottom\":\"xsmall\",\"margin_top\":\"default\",\"maxwidth_breakpoint\":\"m\"}},{\"type\":\"list\",\"props\":{\"column_breakpoint\":\"m\",\"content_style\":\"h6\",\"image_align\":\"left\",\"image_svg_color\":\"emphasis\",\"image_vertical_align\":true,\"list_element\":\"ul\",\"list_horizontal_separator\":\", \",\"list_marker\":\"circle\",\"list_marker_color\":\"primary\",\"list_type\":\"vertical\",\"margin_bottom\":\"xsmall\",\"margin_top\":\"xsmall\",\"show_image\":true,\"show_link\":true},\"children\":[{\"type\":\"list_item\",\"props\":{\"content\":\"Devise canadienne ou am\u00e9ricaine\"}},{\"type\":\"list_item\",\"props\":{\"content\":\"Taxes provinciales, f\u00e9d\u00e9rales et d\u2019h\u00e9bergement en sus\"}}]},{\"type\":\"text\",\"props\":{\"column_breakpoint\":\"m\",\"content\":\"\n\n<p>*Un d\u00e9p\u00f4t de 30 % est requis dans les 2 semaines suivant la r\u00e9servation. Le solde est payable dans les 30 jours suivant la r\u00e9servation. Les r\u00e9servations effectu\u00e9es en saison (mai \u00e0 juin) doivent \u00eatre pay\u00e9es en totalit\u00e9.<\/p>\n\n\",\"dropcap\":false,\"margin_bottom\":\"default\",\"margin_top\":\"default\",\"text_style\":\"meta\"}},{\"type\":\"text\",\"props\":{\"column_breakpoint\":\"m\",\"content\":\"\n\n<p>*Le nombre de places \u00e9tant limit\u00e9, tant pour l\u2019h\u00e9bergement que pour les chasseurs admis chaque saison, il est recommand\u00e9 de r\u00e9server le plus t\u00f4t possible afin de garantir vos dates. Pour plus d\u2019informations ou pour r\u00e9server, n\u2019h\u00e9sitez pas \u00e0 nous contacter. <\/p>\n\n\\n\n\n<p><strong>Procurez-vous votre permis de chasse ici :\\n <a href=\\\"https:\/\/mondossierchassepeche.gouv.qc.ca\\\">https:\/\/mondossierchassepeche.gouv.qc.ca<\/a><\/strong><\/p>\n\n\",\"margin_bottom\":\"default\",\"margin_top\":\"default\",\"text_style\":\"meta\"}}]},{\"type\":\"column\",\"props\":{\"image_position\":\"center-center\",\"position_sticky_breakpoint\":\"m\",\"width_medium\":\"1-5\"}}]}],\"name\":\"Liste de prix\"},{\"name\":\"Hero\",\"type\":\"section\",\"props\":{\"header_transparent\":true,\"header_transparent_text_color\":\"light\",\"image\":\"wp-content\/uploads\/yootheme\/demo\/events-hero.jpg\",\"image_loading\":true,\"image_position\":\"center-center\",\"image_size\":\"cover\",\"image_width\":\"2560\",\"media_overlay\":\"rgba(45, 39, 39, 0.23)\",\"overlap\":true,\"padding_bottom\":\"xlarge\",\"padding_top\":\"xlarge\",\"style\":\"secondary\",\"title_breakpoint\":\"xl\",\"title_position\":\"top-left\",\"title_rotation\":\"left\",\"vertical_align\":\"\",\"width\":\"large\"},\"children\":[{\"type\":\"row\",\"children\":[{\"type\":\"column\",\"props\":{\"image_position\":\"center-center\",\"position_sticky_breakpoint\":\"m\",\"width_medium\":\"1-1\"},\"children\":[{\"type\":\"headline\",\"props\":{\"animation\":\"parallax\",\"content\":\"Events & Functions\",\"image_align\":\"left\",\"image_margin\":\"xsmall\",\"margin_bottom\":\"remove\",\"margin_top\":\"remove\",\"maxwidth\":\"xlarge\",\"parallax_breakpoint\":\"m\",\"parallax_easing\":\"0.8\",\"parallax_end\":\"5vh + 5%\",\"parallax_opacity\":\"1,0\",\"parallax_y\":\"0,40\",\"title_element\":\"h1\",\"title_style\":\"heading-xlarge\"}},{\"type\":\"headline\",\"props\":{\"animation\":\"parallax\",\"content\":\"Weddings, Conferences, Birthdays, Exhibitions\",\"image_align\":\"left\",\"image_margin\":\"xsmall\",\"margin_bottom\":\"remove\",\"margin_top\":\"remove\",\"parallax_breakpoint\":\"m\",\"parallax_easing\":\"0.8\",\"parallax_end\":\"5vh + 5%\",\"parallax_opacity\":\"1,0\",\"parallax_y\":\"0,40\",\"title_element\":\"div\",\"title_style\":\"h3\"}}]}],\"props\":{\"status\":\"disabled\"}}]},{\"name\":\"Call to Action\",\"type\":\"section\",\"props\":{\"animation\":\"fade\",\"id\":\"party\",\"image_position\":\"bottom-center\",\"image_size\":\"cover\",\"padding_bottom\":\"none\",\"padding_top\":\"xlarge\",\"status\":\"disabled\",\"style\":\"default\",\"text_color\":\"light\",\"title_breakpoint\":\"xl\",\"title_position\":\"top-left\",\"title_rotation\":\"left\",\"vertical_align\":\"\",\"width\":\"large\"},\"children\":[{\"type\":\"row\",\"children\":[{\"type\":\"column\",\"props\":{\"image\":\"wp-content\/uploads\/yootheme\/demo\/events-call-to-action.jpg\",\"image_position\":\"bottom-center\",\"image_size\":\"cover\",\"media_overlay\":\"rgba(0, 0, 0, 0.22)\",\"padding\":\"xlarge\",\"position_sticky_breakpoint\":\"m\",\"style\":\"tile-default\",\"text_color\":\"light\",\"width_medium\":\"1-1\"},\"children\":[{\"type\":\"headline\",\"props\":{\"content\":\"Private and Company Events\",\"image_align\":\"left\",\"image_margin\":\"xsmall\",\"margin_bottom\":\"remove\",\"margin_top\":\"remove\",\"text_align\":\"center\",\"title_element\":\"div\",\"title_style\":\"h3\"}},{\"type\":\"headline\",\"props\":{\"content\":\"Create Your Party!\",\"image_align\":\"left\",\"image_margin\":\"xsmall\",\"margin_top\":\"remove\",\"text_align\":\"center\",\"title_element\":\"h2\",\"title_style\":\"heading-medium\"}},{\"type\":\"text\",\"props\":{\"block_align\":\"center\",\"column_breakpoint\":\"m\",\"content\":\"Lorem ipsum dolor sit amet consetetur sadipscing elitr sed diam nonumy eirmod tempor invidunt\",\"margin_bottom\":\"default\",\"margin_top\":\"default\",\"maxwidth\":\"large\",\"text_align\":\"center\"}},{\"type\":\"button\",\"props\":{\"grid_column_gap\":\"small\",\"grid_row_gap\":\"small\",\"margin_bottom\":\"large\",\"margin_top\":\"large\",\"text_align\":\"center\"},\"children\":[{\"type\":\"button_item\",\"props\":{\"button_style\":\"default\",\"content\":\"Send an Inquiry\",\"dialog_layout\":\"modal\",\"dialog_offcanvas_flip\":true,\"icon_align\":\"left\",\"link\":\"?page_id=26\"}}]}]}]}]}],\"version\":\"5.0.13\"} --><\/p>\n","protected":false},"excerpt":{"rendered":"<p>CHASSE \u00c0 L&#8217;ORIGNAL La chasse \u00e0 l\u2019orignal dans la nature sauvage du Qu\u00e9bec \u00e0 l\u2019automne est tout simplement spectaculaire \u2014 air frais, couleurs vibrantes et un vol en hydravion \u00e0 couper le souffle vers notre pavillon cinq \u00e9toiles marquent le d\u00e9but de l\u2019aventure. S\u2019\u00e9tendant sur 75 000 acres de territoire exclusif, la r\u00e9gion offre d\u2019innombrables [&hellip;]<\/p>\n","protected":false},"author":1,"featured_media":0,"parent":0,"menu_order":7,"comment_status":"closed","ping_status":"closed","template":"","meta":{"_acf_changed":false,"footnotes":""},"class_list":["post-21","page","type-page","status-publish","hentry"],"acf":[],"_links":{"self":[{"href":"https:\/\/stcyrroyal.com\/fr\/wp-json\/wp\/v2\/pages\/21","targetHints":{"allow":["GET"]}}],"collection":[{"href":"https:\/\/stcyrroyal.com\/fr\/wp-json\/wp\/v2\/pages"}],"about":[{"href":"https:\/\/stcyrroyal.com\/fr\/wp-json\/wp\/v2\/types\/page"}],"author":[{"embeddable":true,"href":"https:\/\/stcyrroyal.com\/fr\/wp-json\/wp\/v2\/users\/1"}],"replies":[{"embeddable":true,"href":"https:\/\/stcyrroyal.com\/fr\/wp-json\/wp\/v2\/comments?post=21"}],"version-history":[{"count":62,"href":"https:\/\/stcyrroyal.com\/fr\/wp-json\/wp\/v2\/pages\/21\/revisions"}],"predecessor-version":[{"id":2630,"href":"https:\/\/stcyrroyal.com\/fr\/wp-json\/wp\/v2\/pages\/21\/revisions\/2630"}],"wp:attachment":[{"href":"https:\/\/stcyrroyal.com\/fr\/wp-json\/wp\/v2\/media?parent=21"}],"curies":[{"name":"wp","href":"https:\/\/api.w.org\/{rel}","templated":true}]}}